{"id":424,"date":"2018-11-12T23:48:47","date_gmt":"2018-11-12T22:48:47","guid":{"rendered":"https:\/\/christiane-volkheimer.com\/?page_id=424"},"modified":"2023-07-14T00:41:14","modified_gmt":"2023-07-13T22:41:14","slug":"homenaje-a-gerhard-volkheimer-y-a-wolfgang-volkheimer","status":"publish","type":"page","link":"https:\/\/christiane-volkheimer.com\/es\/","title":{"rendered":"Homenaje a Gerhard Volkheimer y a Wolfgang Volkheimer"},"content":{"rendered":"<p><div class=\"fusion-fullwidth fullwidth-box fusion-builder-row-1 nonhundred-percent-fullwidth non-hundred-percent-height-scrolling\" style=\"--awb-border-radius-top-left:0px;--awb-border-radius-top-right:0px;--awb-border-radius-bottom-right:0px;--awb-border-radius-bottom-left:0px;--awb-margin-top:20px;--awb-flex-wrap:wrap;\" ><div class=\"fusion-builder-row fusion-row\"><div class=\"fusion-layout-column fusion_builder_column fusion-builder-column-0 fusion_builder_column_2_3 2_3 fusion-two-third fusion-column-first\" style=\"--awb-bg-blend:overlay;--awb-bg-size:cover;width:66.6666666667%;width:calc(66.6666666667% - ( ( 4% ) * 0.666666666667 ) );margin-right: 4%;\"><div class=\"fusion-column-wrapper fusion-flex-column-wrapper-legacy\"><div class=\"fusion-title title fusion-title-1 fusion-sep-none fusion-title-text fusion-title-size-one\"><h1 class=\"fusion-title-heading title-heading-left fusion-responsive-typography-calculated\" style=\"margin:0;--fontSize:15;--minFontSize:15;line-height:1;\">Homenaje<\/h1><\/div><div class=\"fusion-clearfix\"><\/div><\/div><\/div><div class=\"fusion-layout-column fusion_builder_column fusion-builder-column-1 fusion_builder_column_1_3 1_3 fusion-one-third fusion-column-last\" style=\"--awb-bg-blend:overlay;--awb-bg-size:cover;width:33.3333333333%;width:calc(33.3333333333% - ( ( 4% ) * 0.333333333333 ) );\"><div class=\"fusion-column-wrapper fusion-flex-column-wrapper-legacy\"><div class=\"fusion-clearfix\"><\/div><\/div><\/div><div class=\"fusion-layout-column fusion_builder_column fusion-builder-column-2 fusion_builder_column_1_5 1_5 fusion-one-fifth fusion-column-first\" style=\"--awb-bg-blend:overlay;--awb-bg-size:cover;width:20%;width:calc(20% - ( ( 4% + 4% ) * 0.2 ) );margin-right: 4%;\"><div class=\"fusion-column-wrapper fusion-flex-column-wrapper-legacy\"><div class=\"fusion-clearfix\"><\/div><\/div><\/div><div class=\"fusion-layout-column fusion_builder_column fusion-builder-column-3 fusion_builder_column_3_5 3_5 fusion-three-fifth\" style=\"--awb-bg-blend:overlay;--awb-bg-size:cover;width:60%;width:calc(60% - ( ( 4% + 4% ) * 0.6 ) );margin-right: 4%;\"><div class=\"fusion-column-wrapper fusion-flex-column-wrapper-legacy\"><div class=\"fusion-text fusion-text-1\"><p>Esta p\u00e1gina web es un homenaje a mi padre, el Prof. Dr. med. Gerhard Volkheimer (\u2020), y a mi t\u00edo, el Prof. Dr. rer. nat. Wolfgang Volkheimer (\u2020).<\/p>\n<p>Los dos fueron excelentes cient\u00edficos que cosecharon reconocimiento y \u00e9xito e influyeron en las generaciones posteriores a trav\u00e9s de su obra y sus descubrimientos. Estuvieron activos durante d\u00e9cadas en los \u00e1mbitos de la ense\u00f1anza y la investigaci\u00f3n y los dos desempe\u00f1aron hasta una edad avanzada como cient\u00edficos o m\u00e9dicos.<\/p>\n<p>Mi padre y mi t\u00edo me asesoraron e inspiraron como modelos a seguir.<\/p>\n<p>La intenci\u00f3n de esta p\u00e1gina web consiste en reflejar mi agradecimiento hacia ellos y ofrecer un homenaje a su obra vital, poni\u00e9ndola a disposici\u00f3n de todos aquellos lectores interesados.<\/p>\n<p style=\"text-align: right;\"><em>Dra. Christiane Volkheimer<\/em><\/p>\n<\/div><div class=\"fusion-clearfix\"><\/div><\/div><\/div><div class=\"fusion-layout-column fusion_builder_column fusion-builder-column-4 fusion_builder_column_1_5 1_5 fusion-one-fifth fusion-column-last\" style=\"--awb-bg-blend:overlay;--awb-bg-size:cover;width:20%;width:calc(20% - ( ( 4% + 4% ) * 0.2 ) );\"><div class=\"fusion-column-wrapper fusion-flex-column-wrapper-legacy\"><div class=\"fusion-clearfix\"><\/div><\/div><\/div><\/div><\/div><div class=\"fusion-fullwidth fullwidth-box fusion-builder-row-2 fusion-parallax-none nonhundred-percent-fullwidth non-hundred-percent-height-scrolling\" style=\"--awb-border-radius-top-left:0px;--awb-border-radius-top-right:0px;--awb-border-radius-bottom-right:0px;--awb-border-radius-bottom-left:0px;--awb-padding-top:50px;--awb-padding-right:30px;--awb-padding-bottom:50px;--awb-padding-left:30px;--awb-background-image:url(&quot;https:\/\/christiane-volkheimer.com\/wp-content\/uploads\/2018\/07\/118765072.jpg&quot;);--awb-background-size:cover;--awb-flex-wrap:wrap;\" ><div class=\"fusion-builder-row fusion-row\"><div class=\"fusion-layout-column fusion_builder_column fusion-builder-column-5 fusion_builder_column_1_1 1_1 fusion-one-full fusion-column-first fusion-column-last\" style=\"--awb-bg-blend:overlay;--awb-bg-size:cover;\"><div class=\"fusion-column-wrapper fusion-flex-column-wrapper-legacy\"><div class=\"fusion-text fusion-text-2\"><p style=\"font-size: 36px; line-height: 50px; color: white; font-weight: bold;\">M\u00e1s informaci\u00f3n sobre esta familia de cient\u00edficos<\/p>\n<\/div><div class=\"fusion-clearfix\"><\/div><\/div><\/div><\/div><\/div><div class=\"fusion-fullwidth fullwidth-box fusion-builder-row-3 nonhundred-percent-fullwidth non-hundred-percent-height-scrolling fusion-equal-height-columns\" style=\"--awb-border-radius-top-left:0px;--awb-border-radius-top-right:0px;--awb-border-radius-bottom-right:0px;--awb-border-radius-bottom-left:0px;--awb-padding-top:40px;--awb-padding-bottom:20px;--awb-background-color:#f2f2f2;--awb-flex-wrap:wrap;\" ><div class=\"fusion-builder-row fusion-row\"><div class=\"fusion-layout-column fusion_builder_column fusion-builder-column-6 fusion_builder_column_1_2 1_2 fusion-one-half fusion-column-first fusion-column-no-min-height\" style=\"--awb-bg-blend:overlay;--awb-bg-size:cover;width:50%;width:calc(50% - ( ( 4% ) * 0.5 ) );margin-right: 4%;\"><div class=\"fusion-column-wrapper fusion-flex-column-wrapper-legacy\"><div class=\"fusion-title title fusion-title-2 fusion-sep-none fusion-title-text fusion-title-size-one\"><h1 class=\"fusion-title-heading title-heading-left fusion-responsive-typography-calculated\" style=\"margin:0;--fontSize:15;--minFontSize:15;line-height:1;\">La familia<\/h1><\/div><div class=\"fusion-clearfix\"><\/div><\/div><\/div><div class=\"fusion-layout-column fusion_builder_column fusion-builder-column-7 fusion_builder_column_1_2 1_2 fusion-one-half fusion-column-last fusion-column-no-min-height\" style=\"--awb-bg-blend:overlay;--awb-bg-size:cover;width:50%;width:calc(50% - ( ( 4% ) * 0.5 ) );\"><div class=\"fusion-column-wrapper fusion-flex-column-wrapper-legacy\"><div class=\"fusion-clearfix\"><\/div><\/div><\/div><div class=\"fusion-layout-column fusion_builder_column fusion-builder-column-8 fusion_builder_column_1_3 1_3 fusion-one-third fusion-column-first\" style=\"--awb-bg-blend:overlay;--awb-bg-size:cover;width:33.3333333333%;width:calc(33.3333333333% - ( ( 4% + 4% ) * 0.333333333333 ) );margin-right: 4%;\"><div class=\"fusion-column-wrapper fusion-flex-column-wrapper-legacy\"><div class=\"fusion-title title fusion-title-3 fusion-sep-none fusion-title-text fusion-title-size-four\"><h4 class=\"fusion-title-heading title-heading-left fusion-responsive-typography-calculated\" style=\"margin:0;--fontSize:15;--minFontSize:15;line-height:1;\"><p>Prof. Dr. med.<\/p>\n<p>Gerhard Volkheimer<\/p><\/h4><\/div><div class=\"fusion-image-element in-legacy-container\" style=\"--awb-caption-title-font-family:var(--h2_typography-font-family);--awb-caption-title-font-weight:var(--h2_typography-font-weight);--awb-caption-title-font-style:var(--h2_typography-font-style);--awb-caption-title-size:var(--h2_typography-font-size);--awb-caption-title-transform:var(--h2_typography-text-transform);--awb-caption-title-line-height:var(--h2_typography-line-height);--awb-caption-title-letter-spacing:var(--h2_typography-letter-spacing);\"><span class=\" fusion-imageframe imageframe-none imageframe-1 hover-type-none\"><img decoding=\"async\" width=\"400\" height=\"450\" alt=\"Prof. Gerhard Volkheimer\" title=\"Portrait-Gerhard-Volkheimer_400px\" src=\"https:\/\/christiane-volkheimer.com\/wp-content\/uploads\/2018\/07\/Portrait-Gerhard-Volkheimer_400px.jpg\" class=\"img-responsive wp-image-201\" srcset=\"https:\/\/christiane-volkheimer.com\/wp-content\/uploads\/2018\/07\/Portrait-Gerhard-Volkheimer_400px-200x225.jpg 200w, https:\/\/christiane-volkheimer.com\/wp-content\/uploads\/2018\/07\/Portrait-Gerhard-Volkheimer_400px.jpg 400w\" sizes=\"(max-width: 800px) 100vw, 400px\" \/><\/span><\/div><div class=\"fusion-sep-clear\"><\/div><div class=\"fusion-separator fusion-full-width-sep\" style=\"margin-left: auto;margin-right: auto;margin-top:15px;margin-bottom:15px;width:100%;\"><\/div><div class=\"fusion-sep-clear\"><\/div><div class=\"fusion-text fusion-text-3\"><p>Gerhard Volkheimer se dedic\u00f3 a la investigaci\u00f3n gastroenterol\u00f3gica en la Humboldt-Universit\u00e4t zu Berlin durante casi veinte a\u00f1os (1948-1967). La actividad cient\u00edfica de Gerhard Volkheimer se centr\u00f3 en el intestino delgado; junto con su equipo, realiz\u00f3 una investigaci\u00f3n sobre la persorci\u00f3n en la Facultad de Medicina de la Charit\u00e9.<\/p>\n<\/div><div class=\"fusion-text fusion-text-4\"><p><a href=\"https:\/\/christiane-volkheimer.com\/es\/gerhard-volkheimer\/\">M\u00e1s<\/a><\/p>\n<\/div><div class=\"fusion-clearfix\"><\/div><\/div><\/div><div class=\"fusion-layout-column fusion_builder_column fusion-builder-column-9 fusion_builder_column_1_3 1_3 fusion-one-third\" style=\"--awb-bg-blend:overlay;--awb-bg-size:cover;width:33.3333333333%;width:calc(33.3333333333% - ( ( 4% + 4% ) * 0.333333333333 ) );margin-right: 4%;\"><div class=\"fusion-column-wrapper fusion-flex-column-wrapper-legacy\"><div class=\"fusion-title title fusion-title-4 fusion-sep-none fusion-title-text fusion-title-size-four\"><h4 class=\"fusion-title-heading title-heading-left fusion-responsive-typography-calculated\" style=\"margin:0;--fontSize:15;--minFontSize:15;line-height:1;\"><p>Prof. Dr. rer. nat.<\/p>\n<p>Wolfgang Volkheimer<\/p><\/h4><\/div><div class=\"fusion-image-element in-legacy-container\" style=\"--awb-caption-title-font-family:var(--h2_typography-font-family);--awb-caption-title-font-weight:var(--h2_typography-font-weight);--awb-caption-title-font-style:var(--h2_typography-font-style);--awb-caption-title-size:var(--h2_typography-font-size);--awb-caption-title-transform:var(--h2_typography-text-transform);--awb-caption-title-line-height:var(--h2_typography-line-height);--awb-caption-title-letter-spacing:var(--h2_typography-letter-spacing);\"><span class=\" fusion-imageframe imageframe-none imageframe-2 hover-type-none\"><img decoding=\"async\" width=\"400\" height=\"450\" alt=\"Prof. Wolfgang Volkheimer\" title=\"Portrait-Wolfgang-Volkheimer_400px\" src=\"https:\/\/christiane-volkheimer.com\/wp-content\/uploads\/2018\/07\/Portrait-Wolfgang-Volkheimer_400px.jpg\" class=\"img-responsive wp-image-199\" srcset=\"https:\/\/christiane-volkheimer.com\/wp-content\/uploads\/2018\/07\/Portrait-Wolfgang-Volkheimer_400px-200x225.jpg 200w, https:\/\/christiane-volkheimer.com\/wp-content\/uploads\/2018\/07\/Portrait-Wolfgang-Volkheimer_400px.jpg 400w\" sizes=\"(max-width: 800px) 100vw, 400px\" \/><\/span><\/div><div class=\"fusion-sep-clear\"><\/div><div class=\"fusion-separator fusion-full-width-sep\" style=\"margin-left: auto;margin-right: auto;margin-top:15px;margin-bottom:15px;width:100%;\"><\/div><div class=\"fusion-sep-clear\"><\/div><div class=\"fusion-text fusion-text-5\"><p>Wolfgang Volkheimer pas\u00f3 d\u00e9cadas como ge\u00f3logo y paleont\u00f3logo en su amado pa\u00eds de elecci\u00f3n, la Argentina, y contribuy\u00f3 significativamente al desarrollo de estas disciplinas, particularmente en lo que respecta a la investigaci\u00f3n en este pa\u00eds.<\/p>\n<\/div><div class=\"fusion-text fusion-text-6\"><p><a href=\"https:\/\/christiane-volkheimer.com\/es\/wolfgang-volkheimer\/\">M\u00e1s<\/a><\/p>\n<\/div><div class=\"fusion-clearfix\"><\/div><\/div><\/div><div class=\"fusion-layout-column fusion_builder_column fusion-builder-column-10 fusion_builder_column_1_3 1_3 fusion-one-third fusion-column-last\" style=\"--awb-bg-blend:overlay;--awb-bg-size:cover;width:33.3333333333%;width:calc(33.3333333333% - ( ( 4% + 4% ) * 0.333333333333 ) );\"><div class=\"fusion-column-wrapper fusion-flex-column-wrapper-legacy\"><div class=\"fusion-title title fusion-title-5 fusion-sep-none fusion-title-text fusion-title-size-four\"><h4 class=\"fusion-title-heading title-heading-left fusion-responsive-typography-calculated\" style=\"margin:0;--fontSize:15;--minFontSize:15;line-height:1;\"><p>Dra. med.<\/p>\n<p>Christiane Volkheimer<\/p><\/h4><\/div><div class=\"fusion-image-element in-legacy-container\" style=\"--awb-caption-title-font-family:var(--h2_typography-font-family);--awb-caption-title-font-weight:var(--h2_typography-font-weight);--awb-caption-title-font-style:var(--h2_typography-font-style);--awb-caption-title-size:var(--h2_typography-font-size);--awb-caption-title-transform:var(--h2_typography-text-transform);--awb-caption-title-line-height:var(--h2_typography-line-height);--awb-caption-title-letter-spacing:var(--h2_typography-letter-spacing);\"><span class=\" fusion-imageframe imageframe-none imageframe-3 hover-type-none\"><img decoding=\"async\" width=\"400\" height=\"450\" alt=\"Dra. Christiane Volkheimer\" title=\"Portrait-Christiane-Volkheimer_400px\" src=\"https:\/\/christiane-volkheimer.com\/wp-content\/uploads\/2018\/07\/Portrait-Christiane-Volkheimer_400px.jpg\" class=\"img-responsive wp-image-200\" srcset=\"https:\/\/christiane-volkheimer.com\/wp-content\/uploads\/2018\/07\/Portrait-Christiane-Volkheimer_400px-200x225.jpg 200w, https:\/\/christiane-volkheimer.com\/wp-content\/uploads\/2018\/07\/Portrait-Christiane-Volkheimer_400px.jpg 400w\" sizes=\"(max-width: 800px) 100vw, 400px\" \/><\/span><\/div><div class=\"fusion-sep-clear\"><\/div><div class=\"fusion-separator fusion-full-width-sep\" style=\"margin-left: auto;margin-right: auto;margin-top:15px;margin-bottom:15px;width:100%;\"><\/div><div class=\"fusion-sep-clear\"><\/div><div class=\"fusion-text fusion-text-7\"><p>Su valor a la hora de impulsar cambios, crear innovaciones y trasmitir sus conocimientos, la llev\u00f3 a dejar D\u00fcsseldorf en 1992 para aceptar una plaza de radi\u00f3loga en Leipzig. Su intenci\u00f3n era contribuir a \u201creconstruir el Este\u201d transmitiendo su experiencia y conocimientos en el \u00e1mbito de la radiolog\u00eda diagn\u00f3stica y de la gesti\u00f3n de consultas, a fin de asistir a la fundaci\u00f3n de estructuras m\u00e9dicas.<\/p>\n<\/div><div class=\"fusion-text fusion-text-8\"><p><a href=\"https:\/\/christiane-volkheimer.com\/es\/christiane-volkheimer\/\">M\u00e1s<\/a><\/p>\n<\/div><div class=\"fusion-clearfix\"><\/div><\/div><\/div><\/div><\/div><\/p>\n","protected":false},"excerpt":{"rendered":"","protected":false},"author":1,"featured_media":0,"parent":0,"menu_order":0,"comment_status":"closed","ping_status":"closed","template":"100-width.php","meta":{"footnotes":""},"class_list":["post-424","page","type-page","status-publish","hentry"],"yoast_head":"<!-- This site is optimized with the Yoast SEO plugin v26.6 - https:\/\/yoast.com\/wordpress\/plugins\/seo\/ -->\n<title>Homenaje a Gerhard Volkheimer y a Wolfgang Volkheimer<\/title>\n<meta name=\"description\" content=\"Homenaje de Christiane Volkheimer a su padre, el Prof. Dr. med. Gerhard Volkheimer, y a su t\u00edo, el Prof. Dr. rer. nat. Wolfgang Volkheimer (\u2020). Los dos fueron excelentes cient\u00edficos que cosecharon reconocimiento y \u00e9xito.\" \/>\n<meta name=\"robots\" content=\"index, follow, max-snippet:-1, max-image-preview:large, max-video-preview:-1\" \/>\n<link rel=\"canonical\" href=\"https:\/\/christiane-volkheimer.com\/es\/\" \/>\n<meta property=\"og:locale\" content=\"es_ES\" \/>\n<meta property=\"og:type\" content=\"article\" \/>\n<meta property=\"og:title\" content=\"Homenaje a Gerhard Volkheimer y a Wolfgang Volkheimer\" \/>\n<meta property=\"og:description\" content=\"Homenaje de Christiane Volkheimer a su padre, el Prof. Dr. med. Gerhard Volkheimer, y a su t\u00edo, el Prof. Dr. rer. nat. Wolfgang Volkheimer (\u2020). Los dos fueron excelentes cient\u00edficos que cosecharon reconocimiento y \u00e9xito.\" \/>\n<meta property=\"og:url\" content=\"https:\/\/christiane-volkheimer.com\/es\/\" \/>\n<meta property=\"og:site_name\" content=\"Christiane Volkheimer\" \/>\n<meta property=\"article:modified_time\" content=\"2023-07-13T22:41:14+00:00\" \/>\n<meta name=\"twitter:card\" content=\"summary_large_image\" \/>\n<meta name=\"twitter:label1\" content=\"Tiempo de lectura\" \/>\n\t<meta name=\"twitter:data1\" content=\"4 minutos\" \/>\n<script type=\"application\/ld+json\" class=\"yoast-schema-graph\">{\"@context\":\"https:\/\/schema.org\",\"@graph\":[{\"@type\":\"WebPage\",\"@id\":\"https:\/\/christiane-volkheimer.com\/es\/\",\"url\":\"https:\/\/christiane-volkheimer.com\/es\/\",\"name\":\"Homenaje a Gerhard Volkheimer y a Wolfgang Volkheimer\",\"isPartOf\":{\"@id\":\"https:\/\/christiane-volkheimer.com\/#website\"},\"datePublished\":\"2018-11-12T22:48:47+00:00\",\"dateModified\":\"2023-07-13T22:41:14+00:00\",\"description\":\"Homenaje de Christiane Volkheimer a su padre, el Prof. Dr. med. Gerhard Volkheimer, y a su t\u00edo, el Prof. Dr. rer. nat. Wolfgang Volkheimer (\u2020). Los dos fueron excelentes cient\u00edficos que cosecharon reconocimiento y \u00e9xito.\",\"breadcrumb\":{\"@id\":\"https:\/\/christiane-volkheimer.com\/es\/#breadcrumb\"},\"inLanguage\":\"es\",\"potentialAction\":[{\"@type\":\"ReadAction\",\"target\":[\"https:\/\/christiane-volkheimer.com\/es\/\"]}]},{\"@type\":\"BreadcrumbList\",\"@id\":\"https:\/\/christiane-volkheimer.com\/es\/#breadcrumb\",\"itemListElement\":[{\"@type\":\"ListItem\",\"position\":1,\"name\":\"Startseite\",\"item\":\"https:\/\/christiane-volkheimer.com\/es\/\"},{\"@type\":\"ListItem\",\"position\":2,\"name\":\"Homenaje a Gerhard Volkheimer y a Wolfgang Volkheimer\"}]},{\"@type\":\"WebSite\",\"@id\":\"https:\/\/christiane-volkheimer.com\/#website\",\"url\":\"https:\/\/christiane-volkheimer.com\/\",\"name\":\"Christiane Volkheimer\",\"description\":\"Hommage an die Wissenschaftler Gerhard und Wolfgang Volkheimer\",\"potentialAction\":[{\"@type\":\"SearchAction\",\"target\":{\"@type\":\"EntryPoint\",\"urlTemplate\":\"https:\/\/christiane-volkheimer.com\/?s={search_term_string}\"},\"query-input\":{\"@type\":\"PropertyValueSpecification\",\"valueRequired\":true,\"valueName\":\"search_term_string\"}}],\"inLanguage\":\"es\"}]}<\/script>\n<!-- \/ Yoast SEO plugin. -->","yoast_head_json":{"title":"Homenaje a Gerhard Volkheimer y a Wolfgang Volkheimer","description":"Homenaje de Christiane Volkheimer a su padre, el Prof. Dr. med. Gerhard Volkheimer, y a su t\u00edo, el Prof. Dr. rer. nat. Wolfgang Volkheimer (\u2020). Los dos fueron excelentes cient\u00edficos que cosecharon reconocimiento y \u00e9xito.","robots":{"index":"index","follow":"follow","max-snippet":"max-snippet:-1","max-image-preview":"max-image-preview:large","max-video-preview":"max-video-preview:-1"},"canonical":"https:\/\/christiane-volkheimer.com\/es\/","og_locale":"es_ES","og_type":"article","og_title":"Homenaje a Gerhard Volkheimer y a Wolfgang Volkheimer","og_description":"Homenaje de Christiane Volkheimer a su padre, el Prof. Dr. med. Gerhard Volkheimer, y a su t\u00edo, el Prof. Dr. rer. nat. Wolfgang Volkheimer (\u2020). Los dos fueron excelentes cient\u00edficos que cosecharon reconocimiento y \u00e9xito.","og_url":"https:\/\/christiane-volkheimer.com\/es\/","og_site_name":"Christiane Volkheimer","article_modified_time":"2023-07-13T22:41:14+00:00","twitter_card":"summary_large_image","twitter_misc":{"Tiempo de lectura":"4 minutos"},"schema":{"@context":"https:\/\/schema.org","@graph":[{"@type":"WebPage","@id":"https:\/\/christiane-volkheimer.com\/es\/","url":"https:\/\/christiane-volkheimer.com\/es\/","name":"Homenaje a Gerhard Volkheimer y a Wolfgang Volkheimer","isPartOf":{"@id":"https:\/\/christiane-volkheimer.com\/#website"},"datePublished":"2018-11-12T22:48:47+00:00","dateModified":"2023-07-13T22:41:14+00:00","description":"Homenaje de Christiane Volkheimer a su padre, el Prof. Dr. med. Gerhard Volkheimer, y a su t\u00edo, el Prof. Dr. rer. nat. Wolfgang Volkheimer (\u2020). Los dos fueron excelentes cient\u00edficos que cosecharon reconocimiento y \u00e9xito.","breadcrumb":{"@id":"https:\/\/christiane-volkheimer.com\/es\/#breadcrumb"},"inLanguage":"es","potentialAction":[{"@type":"ReadAction","target":["https:\/\/christiane-volkheimer.com\/es\/"]}]},{"@type":"BreadcrumbList","@id":"https:\/\/christiane-volkheimer.com\/es\/#breadcrumb","itemListElement":[{"@type":"ListItem","position":1,"name":"Startseite","item":"https:\/\/christiane-volkheimer.com\/es\/"},{"@type":"ListItem","position":2,"name":"Homenaje a Gerhard Volkheimer y a Wolfgang Volkheimer"}]},{"@type":"WebSite","@id":"https:\/\/christiane-volkheimer.com\/#website","url":"https:\/\/christiane-volkheimer.com\/","name":"Christiane Volkheimer","description":"Hommage an die Wissenschaftler Gerhard und Wolfgang Volkheimer","potentialAction":[{"@type":"SearchAction","target":{"@type":"EntryPoint","urlTemplate":"https:\/\/christiane-volkheimer.com\/?s={search_term_string}"},"query-input":{"@type":"PropertyValueSpecification","valueRequired":true,"valueName":"search_term_string"}}],"inLanguage":"es"}]}},"_links":{"self":[{"href":"https:\/\/christiane-volkheimer.com\/es\/wp-json\/wp\/v2\/pages\/424","targetHints":{"allow":["GET"]}}],"collection":[{"href":"https:\/\/christiane-volkheimer.com\/es\/wp-json\/wp\/v2\/pages"}],"about":[{"href":"https:\/\/christiane-volkheimer.com\/es\/wp-json\/wp\/v2\/types\/page"}],"author":[{"embeddable":true,"href":"https:\/\/christiane-volkheimer.com\/es\/wp-json\/wp\/v2\/users\/1"}],"replies":[{"embeddable":true,"href":"https:\/\/christiane-volkheimer.com\/es\/wp-json\/wp\/v2\/comments?post=424"}],"version-history":[{"count":5,"href":"https:\/\/christiane-volkheimer.com\/es\/wp-json\/wp\/v2\/pages\/424\/revisions"}],"predecessor-version":[{"id":568,"href":"https:\/\/christiane-volkheimer.com\/es\/wp-json\/wp\/v2\/pages\/424\/revisions\/568"}],"wp:attachment":[{"href":"https:\/\/christiane-volkheimer.com\/es\/wp-json\/wp\/v2\/media?parent=424"}],"curies":[{"name":"wp","href":"https:\/\/api.w.org\/{rel}","templated":true}]}}