{"id":529,"date":"2018-06-18T16:25:18","date_gmt":"2018-06-18T14:25:18","guid":{"rendered":"https:\/\/christiane-volkheimer.com\/impressum-datenschutz\/"},"modified":"2024-08-16T11:53:14","modified_gmt":"2024-08-16T09:53:14","slug":"imprenta-proteccion-datos","status":"publish","type":"page","link":"https:\/\/christiane-volkheimer.com\/es\/imprenta-proteccion-datos\/","title":{"rendered":"Pie de imprenta y protecci\u00f3n de datos"},"content":{"rendered":"<div class=\"fusion-fullwidth fullwidth-box fusion-builder-row-1 nonhundred-percent-fullwidth non-hundred-percent-height-scrolling\" style=\"--awb-border-radius-top-left:0px;--awb-border-radius-top-right:0px;--awb-border-radius-bottom-right:0px;--awb-border-radius-bottom-left:0px;--awb-flex-wrap:wrap;\" ><div class=\"fusion-builder-row fusion-row\"><div class=\"fusion-layout-column fusion_builder_column fusion-builder-column-0 fusion_builder_column_1_1 1_1 fusion-one-full fusion-column-first fusion-column-last\" style=\"--awb-bg-size:cover;--awb-margin-bottom:0px;\"><div class=\"fusion-column-wrapper fusion-flex-column-wrapper-legacy\"><div class=\"fusion-text fusion-text-1\"><h1 style=\"--fontSize: 80; line-height: 1.33;\" data-fontsize=\"80\" data-lineheight=\"106.4px\" class=\"fusion-responsive-typography-calculated\">Pie de imprenta<\/h1>\n<p><strong><br \/><\/strong><\/p>\n<p>Dra. Christiane Volkheimer<br \/>\nc\/o WEB Aspects <br \/>\nBergmannstra\u00dfe 68<br \/>\n10961 Berl\u00edn<br \/>\nTel\u00e9fono +49-30-62736192<br \/>\n<a href=\"mailto:mail@christiane-volkheimer.de\">mail@christiane-volkheimer.de<\/a><\/p>\n<p><strong>Indicaci\u00f3n de responsabilidad<\/strong><br \/>\nA pesar del meticuloso control del contenido, no asumimos ninguna responsabilidad por el contenido de los enlaces externos. Los operadores de las p\u00e1ginas enlazadas son los \u00fanicos responsables de su contenido.<\/p>\n<p><strong>Derechos de autor<\/strong><\/p>\n<p>Todos los textos, gr\u00e1ficos e im\u00e1genes est\u00e1n protegidos por derechos de autor. Su empleo est\u00e1 permitido \u00fanicamente previo permiso expreso de la Dra. Christiane Volkheimer o del autor respectivo.<\/p>\n<h1 style=\"--fontSize: 80; line-height: 1.33;\" data-fontsize=\"80\" data-lineheight=\"106.4px\" class=\"fusion-responsive-typography-calculated\">Protecci\u00f3n de datos<\/h1>\n<p><strong>\u00c1mbito de aplicaci\u00f3n<\/strong><\/p>\n<p>Esta declaraci\u00f3n de protecci\u00f3n de datos tiene por objeto informar a los usuarios del sitio web www.christiane-volkheimer.de, de conformidad con las Datenschutzgrundverordnung, Bundesdatenschutzgesetz y Telemediengesetz (Ordenanza b\u00e1sica de protecci\u00f3n de datos, Ley federal de protecci\u00f3n de datos y Ley de medios telem\u00e1ticos), sobre el tipo, alcance y finalidad de la recopilaci\u00f3n y el empleo de los datos personales por parte de la Dra. Christiane Volkheimer (en adelante: Christiane Volkheimer) como operadora del sitio web. Nos tomamos muy en serio la protecci\u00f3n de los datos personales, por ello los tratamos de forma confidencial y de acuerdo con las disposiciones legales. Debe tenerse en cuenta que la transmisi\u00f3n de datos en Internet (por ejemplo, la comunicaci\u00f3n por correo electr\u00f3nico o a trav\u00e9s de un formulario de contacto) siempre puede ser objeto de lagunas de seguridad; no es posible proteger completamente los datos del acceso de terceros.<\/p>\n<p><strong>Protecci\u00f3n de sus datos personales<\/strong><\/p>\n<p>El uso de esta p\u00e1gina web es posible sin necesidad de introducir datos personales. Tampoco recopilamos ning\u00fan dato que sirva para el an\u00e1lisis del comportamiento de su usuario o similar.<\/p>\n<p>Si se pone en contacto con nosotros a trav\u00e9s de las opciones de contacto ofrecidas (por ejemplo, correo electr\u00f3nico, tel\u00e9fono), guardaremos sus datos para poder utilizarlos con el fin de procesar y responder a su consulta. Toda la informaci\u00f3n enviada a Christiane Volkheimer (e-mail, cartas, etc.) ser\u00e1 tratada de forma confidencial y no se pondr\u00e1 a disposici\u00f3n de terceros sin el consentimiento expreso del remitente.<\/p>\n<p><strong>Archivos de registro del servidor \/ datos de acceso<\/strong><\/p>\n<p>El proveedor de alojamiento web de Christiane Volkheimer (domainfactory GmbH, Oskar-Messter-Str. 33, 85737 Ismaning) registra autom\u00e1ticamente protocolos (los llamados logfiles, v\u00e9ase www.df.eu\/de\/support\/df-faq\/service-infos\/datensicherheit\/) para determinados servicios en su servidor.<\/p>\n<p>Estos archivos de registro rotan diariamente; los archivos de registro del d\u00eda anterior se archivan, est\u00e1n disponibles durante tres d\u00edas y luego se eliminan. Se trata de archivos de registro puramente internos a los que Christiane Volkheimer no tiene acceso. Estos archivos de registro del servidor contienen los siguientes datos:<\/p>\n<p>Dominio, IP, consultas, agente de usuario, fecha, c\u00f3digo de estado<\/p>\n<p>Domainfactory GmbH no tiene ninguna posibilidad de asignar estos datos a personas concretas. Los datos no se fusionar\u00e1n con otras fuentes de datos.<\/p>\n<p>Si tiene alguna pregunta sobre el almacenamiento de sus datos en domainfactory GmbH, p\u00f3ngase en contacto con el responsable de la protecci\u00f3n de datos de domainfactory GmbH bajo la direcci\u00f3n datenschutz@df.eu.<\/p>\n<p><strong>Cookies<\/strong><\/p>\n<p>En nuestro sitio web utilizamos, en su caso, solo las cookies t\u00e9cnicamente necesarias y absolutamente imprescindibles para el funcionamiento del sitio web. Las llamadas cookies de sesi\u00f3n se borran cuando se cierra el navegador.<\/p>\n<p><strong>Derechos del usuario: informaci\u00f3n, rectificaci\u00f3n y supresi\u00f3n<\/strong><\/p>\n<p>Como usuario, recibir\u00e1 informaci\u00f3n gratuita sobre los datos personales que hemos almacenado. A menos que su solicitud entre en conflicto con una obligaci\u00f3n legal de almacenar datos (por ejemplo, la retenci\u00f3n de datos), tiene derecho a corregir los datos incorrectos y a bloquear o eliminar sus datos personales.<\/p>\n<\/div><div class=\"fusion-clearfix\"><\/div><\/div><\/div><\/div><\/div>\n","protected":false},"excerpt":{"rendered":"","protected":false},"author":1,"featured_media":0,"parent":0,"menu_order":0,"comment_status":"closed","ping_status":"closed","template":"","meta":{"footnotes":""},"class_list":["post-529","page","type-page","status-publish","hentry"],"yoast_head":"<!-- This site is optimized with the Yoast SEO plugin v26.6 - https:\/\/yoast.com\/wordpress\/plugins\/seo\/ -->\n<title>Pie de imprenta y protecci\u00f3n de datos<\/title>\n<meta name=\"description\" content=\"Christiane Volkheimers Hommage an ihren Vater, Prof. Dr. med. Gerhard Volkheimer, und ihren Onkel, Prof. Dr. rer. nat. Wolfgang Volkheimer (\u2020).Beide waren als herausragende Wissenschaftler anerkannt und erfolgreich.\" \/>\n<meta name=\"robots\" content=\"noindex, nofollow\" \/>\n<meta property=\"og:locale\" content=\"es_ES\" \/>\n<meta property=\"og:type\" content=\"article\" \/>\n<meta property=\"og:title\" content=\"Pie de imprenta y protecci\u00f3n de datos\" \/>\n<meta property=\"og:description\" content=\"Christiane Volkheimers Hommage an ihren Vater, Prof. Dr. med. Gerhard Volkheimer, und ihren Onkel, Prof. Dr. rer. nat. Wolfgang Volkheimer (\u2020).Beide waren als herausragende Wissenschaftler anerkannt und erfolgreich.\" \/>\n<meta property=\"og:url\" content=\"https:\/\/christiane-volkheimer.com\/es\/imprenta-proteccion-datos\/\" \/>\n<meta property=\"og:site_name\" content=\"Christiane Volkheimer\" \/>\n<meta property=\"article:modified_time\" content=\"2024-08-16T09:53:14+00:00\" \/>\n<meta name=\"twitter:card\" content=\"summary_large_image\" \/>\n<meta name=\"twitter:label1\" content=\"Tiempo de lectura\" \/>\n\t<meta name=\"twitter:data1\" content=\"4 minutos\" \/>\n<script type=\"application\/ld+json\" class=\"yoast-schema-graph\">{\"@context\":\"https:\/\/schema.org\",\"@graph\":[{\"@type\":\"WebPage\",\"@id\":\"https:\/\/christiane-volkheimer.com\/es\/imprenta-proteccion-datos\/\",\"url\":\"https:\/\/christiane-volkheimer.com\/es\/imprenta-proteccion-datos\/\",\"name\":\"Pie de imprenta y protecci\u00f3n de datos\",\"isPartOf\":{\"@id\":\"https:\/\/christiane-volkheimer.com\/#website\"},\"datePublished\":\"2018-06-18T14:25:18+00:00\",\"dateModified\":\"2024-08-16T09:53:14+00:00\",\"description\":\"Christiane Volkheimers Hommage an ihren Vater, Prof. Dr. med. Gerhard Volkheimer, und ihren Onkel, Prof. Dr. rer. nat. Wolfgang Volkheimer (\u2020).Beide waren als herausragende Wissenschaftler anerkannt und erfolgreich.\",\"breadcrumb\":{\"@id\":\"https:\/\/christiane-volkheimer.com\/es\/imprenta-proteccion-datos\/#breadcrumb\"},\"inLanguage\":\"es\",\"potentialAction\":[{\"@type\":\"ReadAction\",\"target\":[\"https:\/\/christiane-volkheimer.com\/es\/imprenta-proteccion-datos\/\"]}]},{\"@type\":\"BreadcrumbList\",\"@id\":\"https:\/\/christiane-volkheimer.com\/es\/imprenta-proteccion-datos\/#breadcrumb\",\"itemListElement\":[{\"@type\":\"ListItem\",\"position\":1,\"name\":\"Startseite\",\"item\":\"https:\/\/christiane-volkheimer.com\/es\/\"},{\"@type\":\"ListItem\",\"position\":2,\"name\":\"Pie de imprenta y protecci\u00f3n de datos\"}]},{\"@type\":\"WebSite\",\"@id\":\"https:\/\/christiane-volkheimer.com\/#website\",\"url\":\"https:\/\/christiane-volkheimer.com\/\",\"name\":\"Christiane Volkheimer\",\"description\":\"Hommage an die Wissenschaftler Gerhard und Wolfgang Volkheimer\",\"potentialAction\":[{\"@type\":\"SearchAction\",\"target\":{\"@type\":\"EntryPoint\",\"urlTemplate\":\"https:\/\/christiane-volkheimer.com\/?s={search_term_string}\"},\"query-input\":{\"@type\":\"PropertyValueSpecification\",\"valueRequired\":true,\"valueName\":\"search_term_string\"}}],\"inLanguage\":\"es\"}]}<\/script>\n<!-- \/ Yoast SEO plugin. -->","yoast_head_json":{"title":"Pie de imprenta y protecci\u00f3n de datos","description":"Christiane Volkheimers Hommage an ihren Vater, Prof. Dr. med. Gerhard Volkheimer, und ihren Onkel, Prof. Dr. rer. nat. Wolfgang Volkheimer (\u2020).Beide waren als herausragende Wissenschaftler anerkannt und erfolgreich.","robots":{"index":"noindex","follow":"nofollow"},"og_locale":"es_ES","og_type":"article","og_title":"Pie de imprenta y protecci\u00f3n de datos","og_description":"Christiane Volkheimers Hommage an ihren Vater, Prof. Dr. med. Gerhard Volkheimer, und ihren Onkel, Prof. Dr. rer. nat. Wolfgang Volkheimer (\u2020).Beide waren als herausragende Wissenschaftler anerkannt und erfolgreich.","og_url":"https:\/\/christiane-volkheimer.com\/es\/imprenta-proteccion-datos\/","og_site_name":"Christiane Volkheimer","article_modified_time":"2024-08-16T09:53:14+00:00","twitter_card":"summary_large_image","twitter_misc":{"Tiempo de lectura":"4 minutos"},"schema":{"@context":"https:\/\/schema.org","@graph":[{"@type":"WebPage","@id":"https:\/\/christiane-volkheimer.com\/es\/imprenta-proteccion-datos\/","url":"https:\/\/christiane-volkheimer.com\/es\/imprenta-proteccion-datos\/","name":"Pie de imprenta y protecci\u00f3n de datos","isPartOf":{"@id":"https:\/\/christiane-volkheimer.com\/#website"},"datePublished":"2018-06-18T14:25:18+00:00","dateModified":"2024-08-16T09:53:14+00:00","description":"Christiane Volkheimers Hommage an ihren Vater, Prof. Dr. med. Gerhard Volkheimer, und ihren Onkel, Prof. Dr. rer. nat. Wolfgang Volkheimer (\u2020).Beide waren als herausragende Wissenschaftler anerkannt und erfolgreich.","breadcrumb":{"@id":"https:\/\/christiane-volkheimer.com\/es\/imprenta-proteccion-datos\/#breadcrumb"},"inLanguage":"es","potentialAction":[{"@type":"ReadAction","target":["https:\/\/christiane-volkheimer.com\/es\/imprenta-proteccion-datos\/"]}]},{"@type":"BreadcrumbList","@id":"https:\/\/christiane-volkheimer.com\/es\/imprenta-proteccion-datos\/#breadcrumb","itemListElement":[{"@type":"ListItem","position":1,"name":"Startseite","item":"https:\/\/christiane-volkheimer.com\/es\/"},{"@type":"ListItem","position":2,"name":"Pie de imprenta y protecci\u00f3n de datos"}]},{"@type":"WebSite","@id":"https:\/\/christiane-volkheimer.com\/#website","url":"https:\/\/christiane-volkheimer.com\/","name":"Christiane Volkheimer","description":"Hommage an die Wissenschaftler Gerhard und Wolfgang Volkheimer","potentialAction":[{"@type":"SearchAction","target":{"@type":"EntryPoint","urlTemplate":"https:\/\/christiane-volkheimer.com\/?s={search_term_string}"},"query-input":{"@type":"PropertyValueSpecification","valueRequired":true,"valueName":"search_term_string"}}],"inLanguage":"es"}]}},"_links":{"self":[{"href":"https:\/\/christiane-volkheimer.com\/es\/wp-json\/wp\/v2\/pages\/529","targetHints":{"allow":["GET"]}}],"collection":[{"href":"https:\/\/christiane-volkheimer.com\/es\/wp-json\/wp\/v2\/pages"}],"about":[{"href":"https:\/\/christiane-volkheimer.com\/es\/wp-json\/wp\/v2\/types\/page"}],"author":[{"embeddable":true,"href":"https:\/\/christiane-volkheimer.com\/es\/wp-json\/wp\/v2\/users\/1"}],"replies":[{"embeddable":true,"href":"https:\/\/christiane-volkheimer.com\/es\/wp-json\/wp\/v2\/comments?post=529"}],"version-history":[{"count":3,"href":"https:\/\/christiane-volkheimer.com\/es\/wp-json\/wp\/v2\/pages\/529\/revisions"}],"predecessor-version":[{"id":621,"href":"https:\/\/christiane-volkheimer.com\/es\/wp-json\/wp\/v2\/pages\/529\/revisions\/621"}],"wp:attachment":[{"href":"https:\/\/christiane-volkheimer.com\/es\/wp-json\/wp\/v2\/media?parent=529"}],"curies":[{"name":"wp","href":"https:\/\/api.w.org\/{rel}","templated":true}]}}